{"id":807,"date":"2026-04-29T10:35:01","date_gmt":"2026-04-29T10:35:01","guid":{"rendered":"https:\/\/suudasauna.com\/?post_type=product&#038;p=807"},"modified":"2026-05-01T08:11:21","modified_gmt":"2026-05-01T08:11:21","slug":"dice-pocket-outdoor","status":"publish","type":"product","link":"https:\/\/suudasauna.com\/es\/product\/dice-pocket-outdoor\/","title":{"rendered":"Dice Pocket"},"content":{"rendered":"<div class=\"lg:pr-10\">\n<p>La Dice POCKET es la sauna m\u00e1s peque\u00f1a de la serie DICE. Es lo suficientemente compacta como para caber en espacios reducidos de jard\u00edn, pero aun as\u00ed tiene capacidad para hasta cuatro personas.<\/p>\n<\/div>","protected":false},"excerpt":{"rendered":"<ul>\n<li>Kit completo para armar usted mismo, en paquete plano, con gu\u00eda de montaje paso a paso.<\/li>\n<li>Calentador de sauna (costo adicional) \u2014 varios modelos disponibles<\/li>\n<li>Controlador inteligente Wi-Fi UKU para un control remoto conveniente<\/li>\n<li>Todos los componentes estructurales, herrajes y sujetadores necesarios para la instalaci\u00f3n.<\/li>\n<\/ul>","protected":false},"featured_media":808,"template":"","meta":{"_acf_changed":false},"product-type-c":[35],"product_brand":[23],"product_cat":[37],"product_tag":[],"class_list":{"0":"post-807","1":"product","2":"type-product","3":"status-publish","4":"has-post-thumbnail","6":"product-type-c-outdoor-sauna","7":"product_brand-leil-saunas","8":"product_cat-dice-saunas","10":"first","11":"instock","12":"shipping-taxable","13":"purchasable","14":"product-type-simple"},"acf":[],"yoast_head":"<!-- This site is optimized with the Yoast SEO plugin v27.4 - https:\/\/yoast.com\/product\/yoast-seo-wordpress\/ -->\n<title>Dice Pocket Outdoor - Suuda Sauna<\/title>\n<meta name=\"robots\" content=\"index, follow, max-snippet:-1, max-image-preview:large, max-video-preview:-1\" \/>\n<link rel=\"canonical\" href=\"https:\/\/suudasauna.com\/es\/producto\/dice-pocket-outdoor\/\" \/>\n<meta property=\"og:locale\" content=\"es_ES\" \/>\n<meta property=\"og:type\" content=\"article\" \/>\n<meta property=\"og:title\" content=\"Dice Pocket Outdoor - Suuda Sauna\" \/>\n<meta property=\"og:description\" content=\"Complete DIY flat-pack kit with step-by-step assembly guide  Sauna heater (additional cost applies) \u2014 multiple models available  UKU Wi-Fi smart controller for convenient remote control  All structural components, hardware, and fasteners needed for installation\" \/>\n<meta property=\"og:url\" content=\"https:\/\/suudasauna.com\/es\/producto\/dice-pocket-outdoor\/\" \/>\n<meta property=\"og:site_name\" content=\"Suuda Sauna\" \/>\n<meta property=\"article:modified_time\" content=\"2026-05-01T08:11:21+00:00\" \/>\n<meta property=\"og:image\" content=\"https:\/\/suudasauna.com\/wp-content\/uploads\/2026\/04\/download-4-5-1024x1024.png\" \/>\n\t<meta property=\"og:image:width\" content=\"1024\" \/>\n\t<meta property=\"og:image:height\" content=\"1024\" \/>\n\t<meta property=\"og:image:type\" content=\"image\/png\" \/>\n<meta name=\"twitter:card\" content=\"summary_large_image\" \/>\n<meta name=\"twitter:label1\" content=\"Tiempo de lectura\" \/>\n\t<meta name=\"twitter:data1\" content=\"1 minuto\" \/>\n<script type=\"application\/ld+json\" class=\"yoast-schema-graph\">{\"@context\":\"https:\\\/\\\/schema.org\",\"@graph\":[{\"@type\":\"WebPage\",\"@id\":\"https:\\\/\\\/suudasauna.com\\\/product\\\/dice-pocket-outdoor\\\/\",\"url\":\"https:\\\/\\\/suudasauna.com\\\/product\\\/dice-pocket-outdoor\\\/\",\"name\":\"Dice Pocket Outdoor - Suuda Sauna\",\"isPartOf\":{\"@id\":\"https:\\\/\\\/suudasauna.com\\\/#website\"},\"primaryImageOfPage\":{\"@id\":\"https:\\\/\\\/suudasauna.com\\\/product\\\/dice-pocket-outdoor\\\/#primaryimage\"},\"image\":{\"@id\":\"https:\\\/\\\/suudasauna.com\\\/product\\\/dice-pocket-outdoor\\\/#primaryimage\"},\"thumbnailUrl\":\"https:\\\/\\\/suudasauna.com\\\/wp-content\\\/uploads\\\/2026\\\/04\\\/download-4-5.png\",\"datePublished\":\"2026-04-29T10:35:01+00:00\",\"dateModified\":\"2026-05-01T08:11:21+00:00\",\"breadcrumb\":{\"@id\":\"https:\\\/\\\/suudasauna.com\\\/product\\\/dice-pocket-outdoor\\\/#breadcrumb\"},\"inLanguage\":\"es\",\"potentialAction\":[{\"@type\":\"ReadAction\",\"target\":[\"https:\\\/\\\/suudasauna.com\\\/product\\\/dice-pocket-outdoor\\\/\"]}]},{\"@type\":\"ImageObject\",\"inLanguage\":\"es\",\"@id\":\"https:\\\/\\\/suudasauna.com\\\/product\\\/dice-pocket-outdoor\\\/#primaryimage\",\"url\":\"https:\\\/\\\/suudasauna.com\\\/wp-content\\\/uploads\\\/2026\\\/04\\\/download-4-5.png\",\"contentUrl\":\"https:\\\/\\\/suudasauna.com\\\/wp-content\\\/uploads\\\/2026\\\/04\\\/download-4-5.png\",\"width\":1492,\"height\":1492},{\"@type\":\"BreadcrumbList\",\"@id\":\"https:\\\/\\\/suudasauna.com\\\/product\\\/dice-pocket-outdoor\\\/#breadcrumb\",\"itemListElement\":[{\"@type\":\"ListItem\",\"position\":1,\"name\":\"Home\",\"item\":\"https:\\\/\\\/suudasauna.com\\\/\"},{\"@type\":\"ListItem\",\"position\":2,\"name\":\"Products\",\"item\":\"https:\\\/\\\/suudasauna.com\\\/products\\\/\"},{\"@type\":\"ListItem\",\"position\":3,\"name\":\"Dice Pocket Outdoor\"}]},{\"@type\":\"WebSite\",\"@id\":\"https:\\\/\\\/suudasauna.com\\\/#website\",\"url\":\"https:\\\/\\\/suudasauna.com\\\/\",\"name\":\"Suuda Sauna\",\"description\":\"\",\"publisher\":{\"@id\":\"https:\\\/\\\/suudasauna.com\\\/#organization\"},\"potentialAction\":[{\"@type\":\"SearchAction\",\"target\":{\"@type\":\"EntryPoint\",\"urlTemplate\":\"https:\\\/\\\/suudasauna.com\\\/?s={search_term_string}\"},\"query-input\":{\"@type\":\"PropertyValueSpecification\",\"valueRequired\":true,\"valueName\":\"search_term_string\"}}],\"inLanguage\":\"es\"},{\"@type\":\"Organization\",\"@id\":\"https:\\\/\\\/suudasauna.com\\\/#organization\",\"name\":\"Suuda Sauna\",\"url\":\"https:\\\/\\\/suudasauna.com\\\/\",\"logo\":{\"@type\":\"ImageObject\",\"inLanguage\":\"es\",\"@id\":\"https:\\\/\\\/suudasauna.com\\\/#\\\/schema\\\/logo\\\/image\\\/\",\"url\":\"https:\\\/\\\/suudasauna.com\\\/wp-content\\\/uploads\\\/2026\\\/04\\\/Suuda-Sauna-170_55px.svg\",\"contentUrl\":\"https:\\\/\\\/suudasauna.com\\\/wp-content\\\/uploads\\\/2026\\\/04\\\/Suuda-Sauna-170_55px.svg\",\"width\":178,\"height\":55,\"caption\":\"Suuda Sauna\"},\"image\":{\"@id\":\"https:\\\/\\\/suudasauna.com\\\/#\\\/schema\\\/logo\\\/image\\\/\"}}]}<\/script>\n<!-- \/ Yoast SEO plugin. -->","yoast_head_json":{"title":"Bolsillo para dados al aire libre - Suuda Sauna","robots":{"index":"index","follow":"follow","max-snippet":"max-snippet:-1","max-image-preview":"max-image-preview:large","max-video-preview":"max-video-preview:-1"},"canonical":"https:\/\/suudasauna.com\/es\/producto\/dice-pocket-outdoor\/","og_locale":"es_ES","og_type":"article","og_title":"Dice Pocket Outdoor - Suuda Sauna","og_description":"Complete DIY flat-pack kit with step-by-step assembly guide  Sauna heater (additional cost applies) \u2014 multiple models available  UKU Wi-Fi smart controller for convenient remote control  All structural components, hardware, and fasteners needed for installation","og_url":"https:\/\/suudasauna.com\/es\/producto\/dice-pocket-outdoor\/","og_site_name":"Suuda Sauna","article_modified_time":"2026-05-01T08:11:21+00:00","og_image":[{"width":1024,"height":1024,"url":"https:\/\/suudasauna.com\/wp-content\/uploads\/2026\/04\/download-4-5-1024x1024.png","type":"image\/png"}],"twitter_card":"summary_large_image","twitter_misc":{"Tiempo de lectura":"1 minuto"},"schema":{"@context":"https:\/\/schema.org","@graph":[{"@type":"WebPage","@id":"https:\/\/suudasauna.com\/product\/dice-pocket-outdoor\/","url":"https:\/\/suudasauna.com\/product\/dice-pocket-outdoor\/","name":"Bolsillo para dados al aire libre - Suuda Sauna","isPartOf":{"@id":"https:\/\/suudasauna.com\/#website"},"primaryImageOfPage":{"@id":"https:\/\/suudasauna.com\/product\/dice-pocket-outdoor\/#primaryimage"},"image":{"@id":"https:\/\/suudasauna.com\/product\/dice-pocket-outdoor\/#primaryimage"},"thumbnailUrl":"https:\/\/suudasauna.com\/wp-content\/uploads\/2026\/04\/download-4-5.png","datePublished":"2026-04-29T10:35:01+00:00","dateModified":"2026-05-01T08:11:21+00:00","breadcrumb":{"@id":"https:\/\/suudasauna.com\/product\/dice-pocket-outdoor\/#breadcrumb"},"inLanguage":"es","potentialAction":[{"@type":"ReadAction","target":["https:\/\/suudasauna.com\/product\/dice-pocket-outdoor\/"]}]},{"@type":"ImageObject","inLanguage":"es","@id":"https:\/\/suudasauna.com\/product\/dice-pocket-outdoor\/#primaryimage","url":"https:\/\/suudasauna.com\/wp-content\/uploads\/2026\/04\/download-4-5.png","contentUrl":"https:\/\/suudasauna.com\/wp-content\/uploads\/2026\/04\/download-4-5.png","width":1492,"height":1492},{"@type":"BreadcrumbList","@id":"https:\/\/suudasauna.com\/product\/dice-pocket-outdoor\/#breadcrumb","itemListElement":[{"@type":"ListItem","position":1,"name":"Home","item":"https:\/\/suudasauna.com\/"},{"@type":"ListItem","position":2,"name":"Products","item":"https:\/\/suudasauna.com\/products\/"},{"@type":"ListItem","position":3,"name":"Dice Pocket Outdoor"}]},{"@type":"WebSite","@id":"https:\/\/suudasauna.com\/#website","url":"https:\/\/suudasauna.com\/","name":"Puedes usar la sauna.","description":"","publisher":{"@id":"https:\/\/suudasauna.com\/#organization"},"potentialAction":[{"@type":"SearchAction","target":{"@type":"EntryPoint","urlTemplate":"https:\/\/suudasauna.com\/?s={search_term_string}"},"query-input":{"@type":"PropertyValueSpecification","valueRequired":true,"valueName":"search_term_string"}}],"inLanguage":"es"},{"@type":"Organization","@id":"https:\/\/suudasauna.com\/#organization","name":"Puedes usar la sauna.","url":"https:\/\/suudasauna.com\/","logo":{"@type":"ImageObject","inLanguage":"es","@id":"https:\/\/suudasauna.com\/#\/schema\/logo\/image\/","url":"https:\/\/suudasauna.com\/wp-content\/uploads\/2026\/04\/Suuda-Sauna-170_55px.svg","contentUrl":"https:\/\/suudasauna.com\/wp-content\/uploads\/2026\/04\/Suuda-Sauna-170_55px.svg","width":178,"height":55,"caption":"Suuda Sauna"},"image":{"@id":"https:\/\/suudasauna.com\/#\/schema\/logo\/image\/"}}]}},"_links":{"self":[{"href":"https:\/\/suudasauna.com\/es\/wp-json\/wp\/v2\/product\/807","targetHints":{"allow":["GET"]}}],"collection":[{"href":"https:\/\/suudasauna.com\/es\/wp-json\/wp\/v2\/product"}],"about":[{"href":"https:\/\/suudasauna.com\/es\/wp-json\/wp\/v2\/types\/product"}],"wp:featuredmedia":[{"embeddable":true,"href":"https:\/\/suudasauna.com\/es\/wp-json\/wp\/v2\/media\/808"}],"wp:attachment":[{"href":"https:\/\/suudasauna.com\/es\/wp-json\/wp\/v2\/media?parent=807"}],"wp:term":[{"taxonomy":"product-type-c","embeddable":true,"href":"https:\/\/suudasauna.com\/es\/wp-json\/wp\/v2\/product-type-c?post=807"},{"taxonomy":"product_brand","embeddable":true,"href":"https:\/\/suudasauna.com\/es\/wp-json\/wp\/v2\/product_brand?post=807"},{"taxonomy":"product_cat","embeddable":true,"href":"https:\/\/suudasauna.com\/es\/wp-json\/wp\/v2\/product_cat?post=807"},{"taxonomy":"product_tag","embeddable":true,"href":"https:\/\/suudasauna.com\/es\/wp-json\/wp\/v2\/product_tag?post=807"}],"curies":[{"name":"wp","href":"https:\/\/api.w.org\/{rel}","templated":true}]}}