{"id":119,"date":"2026-04-15T00:39:09","date_gmt":"2026-04-15T00:39:09","guid":{"rendered":"https:\/\/suudasauna.com\/?page_id=119"},"modified":"2026-04-23T01:43:34","modified_gmt":"2026-04-23T01:43:34","slug":"about","status":"publish","type":"page","link":"https:\/\/suudasauna.com\/es\/about\/","title":{"rendered":"Sobre Suuda"},"content":{"rendered":"<div data-elementor-type=\"wp-page\" data-elementor-id=\"119\" class=\"elementor elementor-119\" data-elementor-post-type=\"page\">\n\t\t\t\t<div class=\"elementor-element elementor-element-5043a90 e-flex e-con-boxed e-con e-parent\" data-id=\"5043a90\" data-element_type=\"container\" data-e-type=\"container\">\n\t\t\t\t\t<div class=\"e-con-inner\">\n\t\t<div class=\"elementor-element elementor-element-ba72cfb e-con-full e-flex e-con e-child\" data-id=\"ba72cfb\" data-element_type=\"container\" data-e-type=\"container\">\n\t\t\t\t<div class=\"elementor-element elementor-element-7dcda4b elementor-icon-list--layout-inline elementor-widget__width-inherit elementor-list-item-link-full_width elementor-widget elementor-widget-icon-list\" data-id=\"7dcda4b\" data-element_type=\"widget\" data-e-type=\"widget\" data-widget_type=\"icon-list.default\">\n\t\t\t\t\t\t\t<ul class=\"elementor-icon-list-items elementor-inline-items\">\n\t\t\t\t\t\t\t<li class=\"elementor-icon-list-item elementor-inline-item\">\n\t\t\t\t\t\t\t\t\t\t\t<a href=\"https:\/\/suudasauna.com\/es\">\n\n\t\t\t\t\t\t\t\t\t\t\t<span class=\"elementor-icon-list-text\">Hogar \/<\/span>\n\t\t\t\t\t\t\t\t\t\t\t<\/a>\n\t\t\t\t\t\t\t\t\t<\/li>\n\t\t\t\t\t\t\t\t<li class=\"elementor-icon-list-item elementor-inline-item\">\n\t\t\t\t\t\t\t\t\t\t<span class=\"elementor-icon-list-text\">Sobre Suuda<\/span>\n\t\t\t\t\t\t\t\t\t<\/li>\n\t\t\t\t\t\t<\/ul>\n\t\t\t\t\t\t<\/div>\n\t\t\t\t<\/div>\n\t\t<div class=\"elementor-element elementor-element-6004ce7 e-con-full e-flex e-con e-child\" data-id=\"6004ce7\" data-element_type=\"container\" data-e-type=\"container\">\n\t\t<div class=\"elementor-element elementor-element-1a7ef85 e-con-full e-flex e-con e-child\" data-id=\"1a7ef85\" data-element_type=\"container\" data-e-type=\"container\">\n\t\t\t\t<div class=\"elementor-element elementor-element-e45a1d9 elementor-widget elementor-widget-image\" data-id=\"e45a1d9\" data-element_type=\"widget\" data-e-type=\"widget\" data-widget_type=\"image.default\">\n\t\t\t\t\t\t\t\t\t\t\t\t\t\t\t<img fetchpriority=\"high\" decoding=\"async\" width=\"608\" height=\"472\" src=\"https:\/\/suudasauna.com\/wp-content\/uploads\/2026\/04\/Rectangle-48-1.png\" class=\"attachment-large size-large wp-image-154\" alt=\"\" srcset=\"https:\/\/suudasauna.com\/wp-content\/uploads\/2026\/04\/Rectangle-48-1.png 608w, https:\/\/suudasauna.com\/wp-content\/uploads\/2026\/04\/Rectangle-48-1-300x233.png 300w, https:\/\/suudasauna.com\/wp-content\/uploads\/2026\/04\/Rectangle-48-1-600x466.png 600w\" sizes=\"(max-width: 608px) 100vw, 608px\" \/>\t\t\t\t\t\t\t\t\t\t\t\t\t\t\t<\/div>\n\t\t\t\t<\/div>\n\t\t<div class=\"elementor-element elementor-element-a5db13a e-con-full e-flex e-con e-child\" data-id=\"a5db13a\" data-element_type=\"container\" data-e-type=\"container\">\n\t\t\t\t<div class=\"elementor-element elementor-element-3e5963b elementor-widget__width-inherit elementor-widget-tablet__width-inherit elementor-widget elementor-widget-heading\" data-id=\"3e5963b\" data-element_type=\"widget\" data-e-type=\"widget\" data-widget_type=\"heading.default\">\n\t\t\t\t\t<h2 class=\"elementor-heading-title elementor-size-default\">De Escandinavia al Mediterr\u00e1neo<\/h2>\t\t\t\t<\/div>\n\t\t\t\t<div class=\"elementor-element elementor-element-402d527 elementor-widget__width-initial elementor-widget-tablet__width-inherit elementor-widget elementor-widget-text-editor\" data-id=\"402d527\" data-element_type=\"widget\" data-e-type=\"widget\" data-widget_type=\"text-editor.default\">\n\t\t\t\t\t\t\t\t\t<p>Me llamo Giorgio. Pas\u00e9 los \u00faltimos diez a\u00f1os trabajando para marcas n\u00f3rdicas emblem\u00e1ticas, viajando entre bases operativas y sedes centrales escandinavas.<\/p><p>Fue all\u00ed donde descubr\u00ed algo que el resto de Europa apenas est\u00e1 empezando a adoptar: la cultura de la sauna y el bienestar n\u00f3rdico.<\/p><p>Un refugio dise\u00f1ado para quienes buscan un respiro, profundidad y conexi\u00f3n, lejos del ruido y el ajetreo. Un viaje de regeneraci\u00f3n f\u00edsica y mental.<\/p>\t\t\t\t\t\t\t\t<\/div>\n\t\t\t\t<\/div>\n\t\t\t\t<\/div>\n\t\t<div class=\"elementor-element elementor-element-a8808af e-con-full e-flex e-con e-child\" data-id=\"a8808af\" data-element_type=\"container\" data-e-type=\"container\">\n\t\t<div class=\"elementor-element elementor-element-dfedd3a e-con-full e-flex e-con e-child\" data-id=\"dfedd3a\" data-element_type=\"container\" data-e-type=\"container\">\n\t\t\t\t<div class=\"elementor-element elementor-element-39dde07 elementor-widget__width-initial elementor-widget-tablet__width-inherit elementor-widget elementor-widget-text-editor\" data-id=\"39dde07\" data-element_type=\"widget\" data-e-type=\"widget\" data-widget_type=\"text-editor.default\">\n\t\t\t\t\t\t\t\t\t<p>Hoy, la misi\u00f3n de SUUDA es llevar esa tradici\u00f3n centenaria desde Escandinavia hasta <strong>Espa\u00f1a y Italia,<\/strong> Tanto si eres un atleta que busca acelerar su recuperaci\u00f3n como si simplemente deseas recuperar un momento de tranquilidad, este es tu santuario de bienestar, al alcance de tu mano.<\/p>\t\t\t\t\t\t\t\t<\/div>\n\t\t\t\t<\/div>\n\t\t<div class=\"elementor-element elementor-element-66c4a8e e-con-full e-flex e-con e-child\" data-id=\"66c4a8e\" data-element_type=\"container\" data-e-type=\"container\">\n\t\t<div class=\"elementor-element elementor-element-32d7781 e-con-full e-flex e-con e-child\" data-id=\"32d7781\" data-element_type=\"container\" data-e-type=\"container\">\n\t\t<div class=\"elementor-element elementor-element-4a1e4c1 e-con-full e-flex e-con e-child\" data-id=\"4a1e4c1\" data-element_type=\"container\" data-e-type=\"container\">\n\t\t\t\t<div class=\"elementor-element elementor-element-4a3e366 elementor-widget elementor-widget-image\" data-id=\"4a3e366\" data-element_type=\"widget\" data-e-type=\"widget\" data-widget_type=\"image.default\">\n\t\t\t\t\t\t\t\t\t\t\t\t\t\t\t<img decoding=\"async\" width=\"276\" height=\"88\" src=\"https:\/\/suudasauna.com\/wp-content\/uploads\/2026\/04\/Frame-18.png\" class=\"attachment-large size-large wp-image-63\" alt=\"\" \/>\t\t\t\t\t\t\t\t\t\t\t\t\t\t\t<\/div>\n\t\t\t\t<div class=\"elementor-element elementor-element-7227a0e elementor-icon-list--layout-traditional elementor-list-item-link-full_width elementor-widget elementor-widget-icon-list\" data-id=\"7227a0e\" data-element_type=\"widget\" data-e-type=\"widget\" data-widget_type=\"icon-list.default\">\n\t\t\t\t\t\t\t<ul class=\"elementor-icon-list-items\">\n\t\t\t\t\t\t\t<li class=\"elementor-icon-list-item\">\n\t\t\t\t\t\t\t\t\t\t\t<span class=\"elementor-icon-list-icon\">\n\t\t\t\t\t\t\t<svg xmlns=\"http:\/\/www.w3.org\/2000\/svg\" width=\"25\" height=\"25\" viewbox=\"0 0 25 25\" fill=\"none\"><circle cx=\"12.1892\" cy=\"12.1892\" r=\"12.1892\" fill=\"#2E3C29\"><\/circle><path d=\"M11.8546 4.48136C11.96 4.15703 12.4189 4.15703 12.5243 4.48137L14.0723 9.24568C14.1194 9.39073 14.2546 9.48893 14.4071 9.48893H19.4166C19.7576 9.48893 19.8994 9.92533 19.6235 10.1258L15.5708 13.0703C15.4474 13.1599 15.3957 13.3188 15.4429 13.4639L16.9909 18.2282C17.0963 18.5525 16.725 18.8222 16.4492 18.6218L12.3964 15.6773C12.273 15.5876 12.1059 15.5876 11.9825 15.6773L7.92976 18.6218C7.65387 18.8222 7.28265 18.5525 7.38803 18.2282L8.93605 13.4639C8.98318 13.3188 8.93155 13.1599 8.80817 13.0703L4.7554 10.1258C4.4795 9.92533 4.62129 9.48893 4.96232 9.48893H9.97182C10.1243 9.48893 10.2595 9.39073 10.3066 9.24568L11.8546 4.48136Z\" fill=\"white\"><\/path><\/svg>\t\t\t\t\t\t<\/span>\n\t\t\t\t\t\t\t\t\t\t<span class=\"elementor-icon-list-text\">4,9\/5 seg\u00fan m\u00e1s de 65 rese\u00f1as.<\/span>\n\t\t\t\t\t\t\t\t\t<\/li>\n\t\t\t\t\t\t<\/ul>\n\t\t\t\t\t\t<\/div>\n\t\t\t\t<\/div>\n\t\t\t\t<div class=\"elementor-element elementor-element-530bc96 elementor-align-left elementor-widget__width-inherit elementor-tablet-align-left elementor-mobile-align-justify elementor-widget elementor-widget-button\" data-id=\"530bc96\" data-element_type=\"widget\" data-e-type=\"widget\" data-widget_type=\"button.default\">\n\t\t\t\t\t\t\t\t\t\t<a class=\"elementor-button elementor-button-link elementor-size-sm\" href=\"#contact\">\n\t\t\t\t\t\t<span class=\"elementor-button-content-wrapper\">\n\t\t\t\t\t\t\t\t\t<span class=\"elementor-button-text\">Ponte en contacto<\/span>\n\t\t\t\t\t<\/span>\n\t\t\t\t\t<\/a>\n\t\t\t\t\t\t\t\t<\/div>\n\t\t\t\t<\/div>\n\t\t\t\t<\/div>\n\t\t\t\t<\/div>\n\t\t<div class=\"elementor-element elementor-element-769f3f6 e-con-full e-flex e-con e-child\" data-id=\"769f3f6\" data-element_type=\"container\" data-e-type=\"container\">\n\t\t\t\t<div class=\"elementor-element elementor-element-cf6a32a elementor-widget elementor-widget-image\" data-id=\"cf6a32a\" data-element_type=\"widget\" data-e-type=\"widget\" data-widget_type=\"image.default\">\n\t\t\t\t\t\t\t\t\t\t\t\t\t\t\t<img decoding=\"async\" width=\"800\" height=\"462\" src=\"https:\/\/suudasauna.com\/wp-content\/uploads\/2026\/04\/Rectangle-49-1-1024x591.png\" class=\"attachment-large size-large wp-image-155\" alt=\"\" srcset=\"https:\/\/suudasauna.com\/wp-content\/uploads\/2026\/04\/Rectangle-49-1-1024x591.png 1024w, https:\/\/suudasauna.com\/wp-content\/uploads\/2026\/04\/Rectangle-49-1-300x173.png 300w, https:\/\/suudasauna.com\/wp-content\/uploads\/2026\/04\/Rectangle-49-1-768x443.png 768w, https:\/\/suudasauna.com\/wp-content\/uploads\/2026\/04\/Rectangle-49-1-600x346.png 600w, https:\/\/suudasauna.com\/wp-content\/uploads\/2026\/04\/Rectangle-49-1.png 1248w\" sizes=\"(max-width: 800px) 100vw, 800px\" \/>\t\t\t\t\t\t\t\t\t\t\t\t\t\t\t<\/div>\n\t\t\t\t<div class=\"elementor-element elementor-element-e95bbb7 elementor-widget__width-initial elementor-widget-tablet__width-inherit elementor-widget elementor-widget-text-editor\" data-id=\"e95bbb7\" data-element_type=\"widget\" data-e-type=\"widget\" data-widget_type=\"text-editor.default\">\n\t\t\t\t\t\t\t\t\t<p>No se trata de un lujo reservado para unos pocos, sino de una invitaci\u00f3n a crear un espacio aut\u00e9ntico que te pertenezca por completo, cada d\u00eda.<\/p>\t\t\t\t\t\t\t\t<\/div>\n\t\t\t\t<\/div>\n\t\t\t\t\t<\/div>\n\t\t\t\t<\/div>\n\t\t\t\t<\/div>","protected":false},"excerpt":{"rendered":"<p>Home \/ About A Founder&#8217;s journey My name is Giorgio. I spent the last ten years working for iconic Nordic brands, travelling between operational bases and Scandinavian headquarters. That&#8217;s where I discovered something the rest of Europe is only beginning to embrace: sauna culture and Nordic wellness. A refuge designed for those seeking a reset, [&hellip;]<\/p>\n","protected":false},"author":1,"featured_media":0,"parent":0,"menu_order":0,"comment_status":"closed","ping_status":"closed","template":"elementor_header_footer","meta":{"_acf_changed":false,"footnotes":""},"class_list":["post-119","page","type-page","status-publish","hentry"],"acf":[],"yoast_head":"<!-- This site is optimized with the Yoast SEO plugin v27.4 - https:\/\/yoast.com\/product\/yoast-seo-wordpress\/ -->\n<title>About - Suuda Sauna<\/title>\n<meta name=\"robots\" content=\"index, follow, max-snippet:-1, max-image-preview:large, max-video-preview:-1\" \/>\n<link rel=\"canonical\" href=\"https:\/\/suudasauna.com\/es\/about\/\" \/>\n<meta property=\"og:locale\" content=\"es_ES\" \/>\n<meta property=\"og:type\" content=\"article\" \/>\n<meta property=\"og:title\" content=\"About - Suuda Sauna\" \/>\n<meta property=\"og:description\" content=\"Home \/ About A Founder&#8217;s journey My name is Giorgio. I spent the last ten years working for iconic Nordic brands, travelling between operational bases and Scandinavian headquarters. That&#8217;s where I discovered something the rest of Europe is only beginning to embrace: sauna culture and Nordic wellness. A refuge designed for those seeking a reset, [&hellip;]\" \/>\n<meta property=\"og:url\" content=\"https:\/\/suudasauna.com\/es\/about\/\" \/>\n<meta property=\"og:site_name\" content=\"Suuda Sauna\" \/>\n<meta property=\"article:modified_time\" content=\"2026-04-23T01:43:34+00:00\" \/>\n<meta property=\"og:image\" content=\"https:\/\/suudasauna.com\/wp-content\/uploads\/2026\/04\/Rectangle-48-1.png\" \/>\n\t<meta property=\"og:image:width\" content=\"608\" \/>\n\t<meta property=\"og:image:height\" content=\"472\" \/>\n\t<meta property=\"og:image:type\" content=\"image\/png\" \/>\n<meta name=\"twitter:card\" content=\"summary_large_image\" \/>\n<meta name=\"twitter:label1\" content=\"Tiempo de lectura\" \/>\n\t<meta name=\"twitter:data1\" content=\"1 minuto\" \/>\n<script type=\"application\/ld+json\" class=\"yoast-schema-graph\">{\"@context\":\"https:\\\/\\\/schema.org\",\"@graph\":[{\"@type\":\"WebPage\",\"@id\":\"https:\\\/\\\/suudasauna.com\\\/about\\\/\",\"url\":\"https:\\\/\\\/suudasauna.com\\\/about\\\/\",\"name\":\"About - Suuda Sauna\",\"isPartOf\":{\"@id\":\"https:\\\/\\\/suudasauna.com\\\/#website\"},\"primaryImageOfPage\":{\"@id\":\"https:\\\/\\\/suudasauna.com\\\/about\\\/#primaryimage\"},\"image\":{\"@id\":\"https:\\\/\\\/suudasauna.com\\\/about\\\/#primaryimage\"},\"thumbnailUrl\":\"https:\\\/\\\/suudasauna.com\\\/wp-content\\\/uploads\\\/2026\\\/04\\\/Rectangle-48-1.png\",\"datePublished\":\"2026-04-15T00:39:09+00:00\",\"dateModified\":\"2026-04-23T01:43:34+00:00\",\"breadcrumb\":{\"@id\":\"https:\\\/\\\/suudasauna.com\\\/about\\\/#breadcrumb\"},\"inLanguage\":\"es\",\"potentialAction\":[{\"@type\":\"ReadAction\",\"target\":[\"https:\\\/\\\/suudasauna.com\\\/about\\\/\"]}]},{\"@type\":\"ImageObject\",\"inLanguage\":\"es\",\"@id\":\"https:\\\/\\\/suudasauna.com\\\/about\\\/#primaryimage\",\"url\":\"https:\\\/\\\/suudasauna.com\\\/wp-content\\\/uploads\\\/2026\\\/04\\\/Rectangle-48-1.png\",\"contentUrl\":\"https:\\\/\\\/suudasauna.com\\\/wp-content\\\/uploads\\\/2026\\\/04\\\/Rectangle-48-1.png\"},{\"@type\":\"BreadcrumbList\",\"@id\":\"https:\\\/\\\/suudasauna.com\\\/about\\\/#breadcrumb\",\"itemListElement\":[{\"@type\":\"ListItem\",\"position\":1,\"name\":\"Home\",\"item\":\"https:\\\/\\\/suudasauna.com\\\/\"},{\"@type\":\"ListItem\",\"position\":2,\"name\":\"About\"}]},{\"@type\":\"WebSite\",\"@id\":\"https:\\\/\\\/suudasauna.com\\\/#website\",\"url\":\"https:\\\/\\\/suudasauna.com\\\/\",\"name\":\"Suuda Sauna\",\"description\":\"\",\"publisher\":{\"@id\":\"https:\\\/\\\/suudasauna.com\\\/#organization\"},\"potentialAction\":[{\"@type\":\"SearchAction\",\"target\":{\"@type\":\"EntryPoint\",\"urlTemplate\":\"https:\\\/\\\/suudasauna.com\\\/?s={search_term_string}\"},\"query-input\":{\"@type\":\"PropertyValueSpecification\",\"valueRequired\":true,\"valueName\":\"search_term_string\"}}],\"inLanguage\":\"es\"},{\"@type\":\"Organization\",\"@id\":\"https:\\\/\\\/suudasauna.com\\\/#organization\",\"name\":\"Suuda Sauna\",\"url\":\"https:\\\/\\\/suudasauna.com\\\/\",\"logo\":{\"@type\":\"ImageObject\",\"inLanguage\":\"es\",\"@id\":\"https:\\\/\\\/suudasauna.com\\\/#\\\/schema\\\/logo\\\/image\\\/\",\"url\":\"https:\\\/\\\/suudasauna.com\\\/wp-content\\\/uploads\\\/2026\\\/04\\\/Suuda-Sauna-170_55px.svg\",\"contentUrl\":\"https:\\\/\\\/suudasauna.com\\\/wp-content\\\/uploads\\\/2026\\\/04\\\/Suuda-Sauna-170_55px.svg\",\"width\":178,\"height\":55,\"caption\":\"Suuda Sauna\"},\"image\":{\"@id\":\"https:\\\/\\\/suudasauna.com\\\/#\\\/schema\\\/logo\\\/image\\\/\"}}]}<\/script>\n<!-- \/ Yoast SEO plugin. -->","yoast_head_json":{"title":"About - Suuda Sauna","robots":{"index":"index","follow":"follow","max-snippet":"max-snippet:-1","max-image-preview":"max-image-preview:large","max-video-preview":"max-video-preview:-1"},"canonical":"https:\/\/suudasauna.com\/es\/about\/","og_locale":"es_ES","og_type":"article","og_title":"About - Suuda Sauna","og_description":"Home \/ About A Founder&#8217;s journey My name is Giorgio. I spent the last ten years working for iconic Nordic brands, travelling between operational bases and Scandinavian headquarters. That&#8217;s where I discovered something the rest of Europe is only beginning to embrace: sauna culture and Nordic wellness. A refuge designed for those seeking a reset, [&hellip;]","og_url":"https:\/\/suudasauna.com\/es\/about\/","og_site_name":"Suuda Sauna","article_modified_time":"2026-04-23T01:43:34+00:00","og_image":[{"width":608,"height":472,"url":"https:\/\/suudasauna.com\/wp-content\/uploads\/2026\/04\/Rectangle-48-1.png","type":"image\/png"}],"twitter_card":"summary_large_image","twitter_misc":{"Tiempo de lectura":"1 minuto"},"schema":{"@context":"https:\/\/schema.org","@graph":[{"@type":"WebPage","@id":"https:\/\/suudasauna.com\/about\/","url":"https:\/\/suudasauna.com\/about\/","name":"About - Suuda Sauna","isPartOf":{"@id":"https:\/\/suudasauna.com\/#website"},"primaryImageOfPage":{"@id":"https:\/\/suudasauna.com\/about\/#primaryimage"},"image":{"@id":"https:\/\/suudasauna.com\/about\/#primaryimage"},"thumbnailUrl":"https:\/\/suudasauna.com\/wp-content\/uploads\/2026\/04\/Rectangle-48-1.png","datePublished":"2026-04-15T00:39:09+00:00","dateModified":"2026-04-23T01:43:34+00:00","breadcrumb":{"@id":"https:\/\/suudasauna.com\/about\/#breadcrumb"},"inLanguage":"es","potentialAction":[{"@type":"ReadAction","target":["https:\/\/suudasauna.com\/about\/"]}]},{"@type":"ImageObject","inLanguage":"es","@id":"https:\/\/suudasauna.com\/about\/#primaryimage","url":"https:\/\/suudasauna.com\/wp-content\/uploads\/2026\/04\/Rectangle-48-1.png","contentUrl":"https:\/\/suudasauna.com\/wp-content\/uploads\/2026\/04\/Rectangle-48-1.png"},{"@type":"BreadcrumbList","@id":"https:\/\/suudasauna.com\/about\/#breadcrumb","itemListElement":[{"@type":"ListItem","position":1,"name":"Home","item":"https:\/\/suudasauna.com\/"},{"@type":"ListItem","position":2,"name":"About"}]},{"@type":"WebSite","@id":"https:\/\/suudasauna.com\/#website","url":"https:\/\/suudasauna.com\/","name":"Puedes usar la sauna.","description":"","publisher":{"@id":"https:\/\/suudasauna.com\/#organization"},"potentialAction":[{"@type":"SearchAction","target":{"@type":"EntryPoint","urlTemplate":"https:\/\/suudasauna.com\/?s={search_term_string}"},"query-input":{"@type":"PropertyValueSpecification","valueRequired":true,"valueName":"search_term_string"}}],"inLanguage":"es"},{"@type":"Organization","@id":"https:\/\/suudasauna.com\/#organization","name":"Puedes usar la sauna.","url":"https:\/\/suudasauna.com\/","logo":{"@type":"ImageObject","inLanguage":"es","@id":"https:\/\/suudasauna.com\/#\/schema\/logo\/image\/","url":"https:\/\/suudasauna.com\/wp-content\/uploads\/2026\/04\/Suuda-Sauna-170_55px.svg","contentUrl":"https:\/\/suudasauna.com\/wp-content\/uploads\/2026\/04\/Suuda-Sauna-170_55px.svg","width":178,"height":55,"caption":"Suuda Sauna"},"image":{"@id":"https:\/\/suudasauna.com\/#\/schema\/logo\/image\/"}}]}},"_links":{"self":[{"href":"https:\/\/suudasauna.com\/es\/wp-json\/wp\/v2\/pages\/119","targetHints":{"allow":["GET"]}}],"collection":[{"href":"https:\/\/suudasauna.com\/es\/wp-json\/wp\/v2\/pages"}],"about":[{"href":"https:\/\/suudasauna.com\/es\/wp-json\/wp\/v2\/types\/page"}],"author":[{"embeddable":true,"href":"https:\/\/suudasauna.com\/es\/wp-json\/wp\/v2\/users\/1"}],"replies":[{"embeddable":true,"href":"https:\/\/suudasauna.com\/es\/wp-json\/wp\/v2\/comments?post=119"}],"version-history":[{"count":10,"href":"https:\/\/suudasauna.com\/es\/wp-json\/wp\/v2\/pages\/119\/revisions"}],"predecessor-version":[{"id":498,"href":"https:\/\/suudasauna.com\/es\/wp-json\/wp\/v2\/pages\/119\/revisions\/498"}],"wp:attachment":[{"href":"https:\/\/suudasauna.com\/es\/wp-json\/wp\/v2\/media?parent=119"}],"curies":[{"name":"wp","href":"https:\/\/api.w.org\/{rel}","templated":true}]}}